{"id":3937,"date":"2011-10-24T10:49:06","date_gmt":"2011-10-24T10:49:06","guid":{"rendered":"http:\/\/max-prop.info\/site\/?page_id=3937"},"modified":"2020-05-14T16:25:51","modified_gmt":"2020-05-14T14:25:51","slug":"max-prop-whisper_5","status":"publish","type":"page","link":"https:\/\/max-prop.info\/site\/max-prop-whisper_5\/","title":{"rendered":"Max Prop Whisper 5 palas"},"content":{"rendered":"<ul>\n<li>\u00a0Nuevo dise\u00f1o<img decoding=\"async\" loading=\"lazy\" class=\"wp-image-4632 alignright\" src=\"http:\/\/max-prop.info\/site\/wp-content\/uploads\/2020\/05\/015-Maxpro-5-pale-front.jpg\" alt=\"\" width=\"363\" height=\"363\" srcset=\"https:\/\/max-prop.info\/site\/wp-content\/uploads\/2020\/05\/015-Maxpro-5-pale-front.jpg 768w, https:\/\/max-prop.info\/site\/wp-content\/uploads\/2020\/05\/015-Maxpro-5-pale-front-300x300.jpg 300w, https:\/\/max-prop.info\/site\/wp-content\/uploads\/2020\/05\/015-Maxpro-5-pale-front-150x150.jpg 150w\" sizes=\"(max-width: 363px) 100vw, 363px\" \/> \u00a0<img decoding=\"async\" loading=\"lazy\" class=\"wp-image-4634 alignright\" src=\"http:\/\/max-prop.info\/site\/wp-content\/uploads\/2020\/05\/017-Maxpro-5-pale-profile.jpg\" alt=\"\" width=\"360\" height=\"360\" srcset=\"https:\/\/max-prop.info\/site\/wp-content\/uploads\/2020\/05\/017-Maxpro-5-pale-profile.jpg 768w, https:\/\/max-prop.info\/site\/wp-content\/uploads\/2020\/05\/017-Maxpro-5-pale-profile-300x300.jpg 300w, https:\/\/max-prop.info\/site\/wp-content\/uploads\/2020\/05\/017-Maxpro-5-pale-profile-150x150.jpg 150w\" sizes=\"(max-width: 360px) 100vw, 360px\" \/> <img decoding=\"async\" loading=\"lazy\" class=\"wp-image-4635 alignright\" src=\"http:\/\/max-prop.info\/site\/wp-content\/uploads\/2020\/05\/018-Maxpro-5-pale-top.jpg\" alt=\"\" width=\"361\" height=\"361\" srcset=\"https:\/\/max-prop.info\/site\/wp-content\/uploads\/2020\/05\/018-Maxpro-5-pale-top.jpg 768w, https:\/\/max-prop.info\/site\/wp-content\/uploads\/2020\/05\/018-Maxpro-5-pale-top-300x300.jpg 300w, https:\/\/max-prop.info\/site\/wp-content\/uploads\/2020\/05\/018-Maxpro-5-pale-top-150x150.jpg 150w\" sizes=\"(max-width: 361px) 100vw, 361px\" \/><\/li>\n<li>\u00a0Muy baja resistencia durante la navegaci\u00f3n a vela<\/li>\n<li>\u00a0Gran potencia marcha avante en todas las condiciones<\/li>\n<li>\u00a0Excelente respuesta marcha atr\u00e1s<\/li>\n<li>\u00a0Paso regulable incluso en el agua<\/li>\n<li>\u00a0Instalaci\u00f3n como una h\u00e9lice fija, podr\u00eda efectuarse eventualmente bajo el agua<\/li>\n<li>\u00a0Regulaci\u00f3n separada de paso tanto para marcha avante como archa atr\u00e1s<\/li>\n<li>\u00a0Ideal para embarcaciones de gran eslora o barcos con gran desplazamiento.<\/li>\n<li>\u00a0Disponible de 16 a 47 pulgadas de di\u00e1metro<\/li>\n<li>\u00a0Para ejes a partir de 35 mm<\/li>\n<\/ul>\n<p>MAX PROP WHISPER, es la \u00fanica 5 palas del mercado cuyas palas no son fijas. Est\u00e1n caracterizadas por ofrecer un funcionamiento silencioso con un empuje vigoroso, sobre todo con viento fuerte y mucha mar. Las cinco palas permiten mantener la velocidad con un n\u00facleo robusto que ha sido probado en grandes esloras y gran di\u00e1metro.<\/p>\n<p>MAX PROP WHISPER se basa en la tecnolog\u00eda adoptada sobre la MAX PROP\u00a0EASY, que se suministra totalmente ensamblada y lubrificada, La extrema facilidad de\u00a0instalaci\u00f3n y la simplicidad en la regulaci\u00f3n de paso, convierten a este modelo de\u00a0h\u00e9lice en un elemento indispensable en una ampl\u00edsima gama de barcos a vela de gran\u00a0eslora, barcos met\u00e1licos de desplazamiento, con quillas corridas, etc. La Max Prop\u00a0Whisper se suministra completamente ensamblada y lubricada, quedando la regulaci\u00f3n\u00a0del paso y la instalaci\u00f3n de una manera tan simple i r\u00e1pida como la de un\u00a0h\u00e9lice fija.\u00a0Como todas las MAX PROP, tambi\u00e9n el modelo EASY es regulable con incrementos de paso de\u00a02 grados cada vez, para afinar la carga\u00a0de trabajo a las caracter\u00edsticas de motor.<\/p>\n<p>MAX PROP WHISPER ha sido proyectada para los barcos m\u00e1s grandes con desplazamiento medio o pesado. Se pueden beneficiar de un empuje adicional y de unas prestaciones silencisas de una h\u00e9lice de cinco palas. Estas caracter\u00edsticas se transforman en vitales cuando en algunas carenas queda limitado el espacio para las h\u00e9lices.<\/p>\n<p>MAX PROP WHISPER tiene un aumento del \u00e1rea de ratio de las palas, manteniendo\u00a0un rozamiento a vela irrisorio.<\/p>\n<p><img decoding=\"async\" loading=\"lazy\" class=\" size-full wp-image-4334 alignleft\" src=\"http:\/\/max-prop.info\/site\/wp-content\/uploads\/2011\/10\/whisper.jpg\" alt=\"whisper\" width=\"289\" height=\"280\" \/><\/p>\n<p><a href=\"http:\/\/max-prop.info\/site\/presupuesto\/\">PIDA PRESUPUESTO<\/a><\/p>\n<p><a href=\"http:\/\/max-prop.info\/site\/PDF\/MaxPropEasyWhisperESP12020.pdf\">Manual de instalaci\u00f3n y detalle Whisper 5 palas (PDF Castellano)<\/a><br \/>\n<a href=\"http:\/\/max-prop.info\/site\/PDF\/MaxPropEasyWhisperENG12020.pdf\">Manual de instalaci\u00f3n y detalle Whisper 5 palas (PDF English)<\/a><\/p>\n","protected":false},"excerpt":{"rendered":"<p>\u00a0Nuevo dise\u00f1o \u00a0 \u00a0Muy baja resistencia durante la navegaci\u00f3n a vela \u00a0Gran potencia marcha avante en todas las condiciones \u00a0Excelente respuesta marcha atr\u00e1s \u00a0Paso regulable incluso en el agua \u00a0Instalaci\u00f3n como una h\u00e9lice fija, podr\u00eda efectuarse eventualmente bajo el agua \u00a0Regulaci\u00f3n separada de paso tanto para marcha avante como archa atr\u00e1s \u00a0Ideal para embarcaciones de [&hellip;]<\/p>\n","protected":false},"author":1,"featured_media":0,"parent":0,"menu_order":0,"comment_status":"closed","ping_status":"closed","template":"","meta":{"footnotes":""},"_links":{"self":[{"href":"https:\/\/max-prop.info\/site\/wp-json\/wp\/v2\/pages\/3937"}],"collection":[{"href":"https:\/\/max-prop.info\/site\/wp-json\/wp\/v2\/pages"}],"about":[{"href":"https:\/\/max-prop.info\/site\/wp-json\/wp\/v2\/types\/page"}],"author":[{"embeddable":true,"href":"https:\/\/max-prop.info\/site\/wp-json\/wp\/v2\/users\/1"}],"replies":[{"embeddable":true,"href":"https:\/\/max-prop.info\/site\/wp-json\/wp\/v2\/comments?post=3937"}],"version-history":[{"count":17,"href":"https:\/\/max-prop.info\/site\/wp-json\/wp\/v2\/pages\/3937\/revisions"}],"predecessor-version":[{"id":4637,"href":"https:\/\/max-prop.info\/site\/wp-json\/wp\/v2\/pages\/3937\/revisions\/4637"}],"wp:attachment":[{"href":"https:\/\/max-prop.info\/site\/wp-json\/wp\/v2\/media?parent=3937"}],"curies":[{"name":"wp","href":"https:\/\/api.w.org\/{rel}","templated":true}]}}