{"id":3926,"date":"2011-10-24T10:39:35","date_gmt":"2011-10-24T10:39:35","guid":{"rendered":"http:\/\/max-prop.info\/site\/?page_id=3926"},"modified":"2020-05-14T17:07:20","modified_gmt":"2020-05-14T15:07:20","slug":"manuales","status":"publish","type":"page","link":"https:\/\/max-prop.info\/site\/manuales\/","title":{"rendered":"Manuales H\u00e9lices Max Prop"},"content":{"rendered":"<p>En esta secci\u00f3n podr\u00e1 descargarse los manuales.<br \/>Estos manual de instrucciones est\u00e1n estudiados para dar respuesta a todas sus preguntas durante el montaje de una <strong>h\u00e9lice<\/strong> <strong>Max Prop<\/strong>. Por favor, lea atentamente y ensamble su h\u00e9lice al menos una vez antes de montarla en su barco.<\/p>\n<table>\n<tbody>\n<tr>\n<td><a title=\"Manual Max Prop Clasis 2 palas\" href=\"http:\/\/max-prop.info\/site\/PDF\/2palasclasic.pdf\" target=\"_blank\" rel=\"noopener noreferrer\">Max Prop Classic (2 palas)<\/a><\/td>\n<td><a title=\"Manual Max Prop Classic segunda generaci\u00f3n\" href=\"http:\/\/max-prop.info\/site\/PDF\/3.pdf\" target=\"_blank\" rel=\"noopener noreferrer\">Max Prop Classic segunda generaci\u00f3n (3 y 4 palas)<\/a>\u00a0<a title=\"Manual Max Prop Fast Vp 3 palas\" href=\"http:\/\/max-prop.info\/site\/PDF\/3%20palas%20VP_1.pdf\" target=\"_blank\" rel=\"noopener noreferrer\">DESCATALOGADA<\/a><\/td>\n<\/tr>\n<tr>\n<td><a title=\"Manual Max Prop Classic 3 palas\" href=\"http:\/\/www.max-prop.info\/site\/PDF\/3palasclasic.pdf\" target=\"_blank\" rel=\"noopener noreferrer\">Max Prop Classic (3 palas)<\/a><\/td>\n<td><a title=\"Manual Max Prop Fast Vp 3 palas\" href=\"http:\/\/max-prop.info\/site\/PDF\/3%20palas%20VP_1.pdf\" target=\"_blank\" rel=\"noopener noreferrer\">Max Prop Fast VP (Tres palas) DESCATALOGADA<\/a><\/td>\n<\/tr>\n<tr>\n<td><a title=\"Max Prop Easy\" href=\"http:\/\/max-prop.info\/site\/PDF\/MaxPropEasyWhisperESP12020.pdf\" target=\"_blank\" rel=\"noopener noreferrer\">Max Prop Easy 2, 3 y 4 palas<\/a><\/td>\n<td><a title=\"Manual Max Prop Fast Vp 4 palas\" href=\"http:\/\/max-prop.info\/site\/PDF\/fastvp.pdf\" target=\"_blank\" rel=\"noopener noreferrer\">Max Prop Fast VP (Cuatro palas)<\/a>\u00a0<a title=\"Manual Max Prop Fast Vp 3 palas\" href=\"http:\/\/max-prop.info\/site\/PDF\/3%20palas%20VP_1.pdf\" target=\"_blank\" rel=\"noopener noreferrer\">DESCATALOGADA<\/a><\/td>\n<\/tr>\n<tr>\n<td><a title=\"Max Prop Whisper\" href=\"http:\/\/max-prop.info\/site\/PDF\/MaxPropEasyWhisperESP12020.pdf\" target=\"_blank\" rel=\"noopener noreferrer\">Max Prop Whisper 5 palas\u00a0<\/a><\/td>\n<td><a title=\"Manual Max Prop Ecowind Antishock 4 palas\" href=\"http:\/\/www.max-prop.info\/site\/PDF\/MAX%20PROP%20CUATRO%20PALAS%20ECOWIND%20ANTISHOCK.pdf\" target=\"_blank\" rel=\"noopener noreferrer\">Max Prop Ecowind Antishock (Cuatro palas)<\/a>\u00a0<a title=\"Manual Max Prop Fast Vp 3 palas\" href=\"http:\/\/max-prop.info\/site\/PDF\/3%20palas%20VP_1.pdf\" target=\"_blank\" rel=\"noopener noreferrer\">DESCATALOGADA<\/a><\/td>\n<\/tr>\n<\/tbody>\n<\/table>\n\n\n<figure class=\"wp-block-embed-youtube wp-block-embed is-type-video is-provider-youtube wp-embed-aspect-16-9 wp-has-aspect-ratio\"><div class=\"wp-block-embed__wrapper\">\n<iframe loading=\"lazy\" title=\"Instalaci\u00f3n Max Prop Easy, Whisper y Boomerang\" width=\"640\" height=\"360\" src=\"https:\/\/www.youtube.com\/embed\/MWUk9l_YYJY?feature=oembed\" frameborder=\"0\" allow=\"accelerometer; autoplay; clipboard-write; encrypted-media; gyroscope; picture-in-picture\" allowfullscreen><\/iframe>\n<\/div><figcaption>Instalaci\u00f3n de una Max Prop Easy, Whisper o Boomerang<\/figcaption><\/figure>\n","protected":false},"excerpt":{"rendered":"<p>En esta secci\u00f3n podr\u00e1 descargarse los manuales.Estos manual de instrucciones est\u00e1n estudiados para dar respuesta a todas sus preguntas durante el montaje de una h\u00e9lice Max Prop. Por favor, lea atentamente y ensamble su h\u00e9lice al menos una vez antes de montarla en su barco. Max Prop Classic (2 palas) Max Prop Classic segunda generaci\u00f3n [&hellip;]<\/p>\n","protected":false},"author":1,"featured_media":0,"parent":0,"menu_order":0,"comment_status":"closed","ping_status":"closed","template":"","meta":{"footnotes":""},"_links":{"self":[{"href":"https:\/\/max-prop.info\/site\/wp-json\/wp\/v2\/pages\/3926"}],"collection":[{"href":"https:\/\/max-prop.info\/site\/wp-json\/wp\/v2\/pages"}],"about":[{"href":"https:\/\/max-prop.info\/site\/wp-json\/wp\/v2\/types\/page"}],"author":[{"embeddable":true,"href":"https:\/\/max-prop.info\/site\/wp-json\/wp\/v2\/users\/1"}],"replies":[{"embeddable":true,"href":"https:\/\/max-prop.info\/site\/wp-json\/wp\/v2\/comments?post=3926"}],"version-history":[{"count":25,"href":"https:\/\/max-prop.info\/site\/wp-json\/wp\/v2\/pages\/3926\/revisions"}],"predecessor-version":[{"id":4658,"href":"https:\/\/max-prop.info\/site\/wp-json\/wp\/v2\/pages\/3926\/revisions\/4658"}],"wp:attachment":[{"href":"https:\/\/max-prop.info\/site\/wp-json\/wp\/v2\/media?parent=3926"}],"curies":[{"name":"wp","href":"https:\/\/api.w.org\/{rel}","templated":true}]}}